{"id":51,"date":"2018-08-10T07:19:06","date_gmt":"2018-08-10T07:19:06","guid":{"rendered":"http:\/\/rx4-test.com\/proyectos\/boulevard\/?page_id=51"},"modified":"2026-02-06T10:36:35","modified_gmt":"2026-02-06T10:36:35","slug":"villa-en-venta-en-alcudia","status":"publish","type":"page","link":"https:\/\/www.grupoboulevard.com\/luxury-villas\/villa-en-venta-en-alcudia\/","title":{"rendered":"Villa Alcudia"},"content":{"rendered":"","protected":false},"excerpt":{"rendered":"","protected":false},"author":1,"featured_media":0,"parent":0,"menu_order":0,"comment_status":"closed","ping_status":"closed","template":"","meta":{"_joinchat":[],"footnotes":""},"class_list":["post-51","page","type-page","status-publish","hentry"],"yoast_head":"<!-- This site is optimized with the Yoast SEO plugin v26.9 - https:\/\/yoast.com\/product\/yoast-seo-wordpress\/ -->\n<title>Villas en Alcanada | Grupo Boulevard<\/title>\n<meta name=\"description\" content=\"Promoci\u00f3n de 4 exclusivas villas en Alcudia, ubicadas en la zona de Alcanada, una localizaci\u00f3n \u00fanica con vistas a la bah\u00eda.\" \/>\n<meta name=\"robots\" content=\"index, follow, max-snippet:-1, max-image-preview:large, max-video-preview:-1\" \/>\n<link rel=\"canonical\" href=\"https:\/\/www.grupoboulevard.com\/luxury-villas\/villa-en-venta-en-alcudia\/\" \/>\n<meta property=\"og:locale\" content=\"es_ES\" \/>\n<meta property=\"og:type\" content=\"article\" \/>\n<meta property=\"og:title\" content=\"Villas en Alcanada | Grupo Boulevard\" \/>\n<meta property=\"og:description\" content=\"Promoci\u00f3n de 4 exclusivas villas en Alcudia, ubicadas en la zona de Alcanada, una localizaci\u00f3n \u00fanica con vistas a la bah\u00eda.\" \/>\n<meta property=\"og:url\" content=\"https:\/\/www.grupoboulevard.com\/luxury-villas\/villa-en-venta-en-alcudia\/\" \/>\n<meta property=\"og:site_name\" content=\"Luxury Villas - Grupo Boulevard\" \/>\n<meta property=\"article:modified_time\" content=\"2026-02-06T10:36:35+00:00\" \/>\n<meta name=\"twitter:card\" content=\"summary_large_image\" \/>\n<script type=\"application\/ld+json\" class=\"yoast-schema-graph\">{\"@context\":\"https:\/\/schema.org\",\"@graph\":[{\"@type\":\"WebPage\",\"@id\":\"https:\/\/www.grupoboulevard.com\/luxury-villas\/villa-en-venta-en-alcudia\/\",\"url\":\"https:\/\/www.grupoboulevard.com\/luxury-villas\/villa-en-venta-en-alcudia\/\",\"name\":\"Villas en Alcanada | Grupo Boulevard\",\"isPartOf\":{\"@id\":\"https:\/\/www.grupoboulevard.com\/luxury-villas\/de\/#website\"},\"datePublished\":\"2018-08-10T07:19:06+00:00\",\"dateModified\":\"2026-02-06T10:36:35+00:00\",\"description\":\"Promoci\u00f3n de 4 exclusivas villas en Alcudia, ubicadas en la zona de Alcanada, una localizaci\u00f3n \u00fanica con vistas a la bah\u00eda.\",\"breadcrumb\":{\"@id\":\"https:\/\/www.grupoboulevard.com\/luxury-villas\/villa-en-venta-en-alcudia\/#breadcrumb\"},\"inLanguage\":\"es\",\"potentialAction\":[{\"@type\":\"ReadAction\",\"target\":[\"https:\/\/www.grupoboulevard.com\/luxury-villas\/villa-en-venta-en-alcudia\/\"]}]},{\"@type\":\"BreadcrumbList\",\"@id\":\"https:\/\/www.grupoboulevard.com\/luxury-villas\/villa-en-venta-en-alcudia\/#breadcrumb\",\"itemListElement\":[{\"@type\":\"ListItem\",\"position\":1,\"name\":\"Portada\",\"item\":\"https:\/\/www.grupoboulevard.com\/luxury-villas\/\"},{\"@type\":\"ListItem\",\"position\":2,\"name\":\"Villa Alcudia\"}]},{\"@type\":\"WebSite\",\"@id\":\"https:\/\/www.grupoboulevard.com\/luxury-villas\/de\/#website\",\"url\":\"https:\/\/www.grupoboulevard.com\/luxury-villas\/de\/\",\"name\":\"Luxury Villas - Grupo Boulevard\",\"description\":\"\",\"potentialAction\":[{\"@type\":\"SearchAction\",\"target\":{\"@type\":\"EntryPoint\",\"urlTemplate\":\"https:\/\/www.grupoboulevard.com\/luxury-villas\/de\/?s={search_term_string}\"},\"query-input\":{\"@type\":\"PropertyValueSpecification\",\"valueRequired\":true,\"valueName\":\"search_term_string\"}}],\"inLanguage\":\"es\"}]}<\/script>\n<!-- \/ Yoast SEO plugin. -->","yoast_head_json":{"title":"Villas en Alcanada | Grupo Boulevard","description":"Promoci\u00f3n de 4 exclusivas villas en Alcudia, ubicadas en la zona de Alcanada, una localizaci\u00f3n \u00fanica con vistas a la bah\u00eda.","robots":{"index":"index","follow":"follow","max-snippet":"max-snippet:-1","max-image-preview":"max-image-preview:large","max-video-preview":"max-video-preview:-1"},"canonical":"https:\/\/www.grupoboulevard.com\/luxury-villas\/villa-en-venta-en-alcudia\/","og_locale":"es_ES","og_type":"article","og_title":"Villas en Alcanada | Grupo Boulevard","og_description":"Promoci\u00f3n de 4 exclusivas villas en Alcudia, ubicadas en la zona de Alcanada, una localizaci\u00f3n \u00fanica con vistas a la bah\u00eda.","og_url":"https:\/\/www.grupoboulevard.com\/luxury-villas\/villa-en-venta-en-alcudia\/","og_site_name":"Luxury Villas - Grupo Boulevard","article_modified_time":"2026-02-06T10:36:35+00:00","twitter_card":"summary_large_image","schema":{"@context":"https:\/\/schema.org","@graph":[{"@type":"WebPage","@id":"https:\/\/www.grupoboulevard.com\/luxury-villas\/villa-en-venta-en-alcudia\/","url":"https:\/\/www.grupoboulevard.com\/luxury-villas\/villa-en-venta-en-alcudia\/","name":"Villas en Alcanada | Grupo Boulevard","isPartOf":{"@id":"https:\/\/www.grupoboulevard.com\/luxury-villas\/de\/#website"},"datePublished":"2018-08-10T07:19:06+00:00","dateModified":"2026-02-06T10:36:35+00:00","description":"Promoci\u00f3n de 4 exclusivas villas en Alcudia, ubicadas en la zona de Alcanada, una localizaci\u00f3n \u00fanica con vistas a la bah\u00eda.","breadcrumb":{"@id":"https:\/\/www.grupoboulevard.com\/luxury-villas\/villa-en-venta-en-alcudia\/#breadcrumb"},"inLanguage":"es","potentialAction":[{"@type":"ReadAction","target":["https:\/\/www.grupoboulevard.com\/luxury-villas\/villa-en-venta-en-alcudia\/"]}]},{"@type":"BreadcrumbList","@id":"https:\/\/www.grupoboulevard.com\/luxury-villas\/villa-en-venta-en-alcudia\/#breadcrumb","itemListElement":[{"@type":"ListItem","position":1,"name":"Portada","item":"https:\/\/www.grupoboulevard.com\/luxury-villas\/"},{"@type":"ListItem","position":2,"name":"Villa Alcudia"}]},{"@type":"WebSite","@id":"https:\/\/www.grupoboulevard.com\/luxury-villas\/de\/#website","url":"https:\/\/www.grupoboulevard.com\/luxury-villas\/de\/","name":"Luxury Villas - Grupo Boulevard","description":"","potentialAction":[{"@type":"SearchAction","target":{"@type":"EntryPoint","urlTemplate":"https:\/\/www.grupoboulevard.com\/luxury-villas\/de\/?s={search_term_string}"},"query-input":{"@type":"PropertyValueSpecification","valueRequired":true,"valueName":"search_term_string"}}],"inLanguage":"es"}]}},"_links":{"self":[{"href":"https:\/\/www.grupoboulevard.com\/luxury-villas\/wp-json\/wp\/v2\/pages\/51","targetHints":{"allow":["GET"]}}],"collection":[{"href":"https:\/\/www.grupoboulevard.com\/luxury-villas\/wp-json\/wp\/v2\/pages"}],"about":[{"href":"https:\/\/www.grupoboulevard.com\/luxury-villas\/wp-json\/wp\/v2\/types\/page"}],"author":[{"embeddable":true,"href":"https:\/\/www.grupoboulevard.com\/luxury-villas\/wp-json\/wp\/v2\/users\/1"}],"replies":[{"embeddable":true,"href":"https:\/\/www.grupoboulevard.com\/luxury-villas\/wp-json\/wp\/v2\/comments?post=51"}],"version-history":[{"count":2,"href":"https:\/\/www.grupoboulevard.com\/luxury-villas\/wp-json\/wp\/v2\/pages\/51\/revisions"}],"predecessor-version":[{"id":1876,"href":"https:\/\/www.grupoboulevard.com\/luxury-villas\/wp-json\/wp\/v2\/pages\/51\/revisions\/1876"}],"wp:attachment":[{"href":"https:\/\/www.grupoboulevard.com\/luxury-villas\/wp-json\/wp\/v2\/media?parent=51"}],"curies":[{"name":"wp","href":"https:\/\/api.w.org\/{rel}","templated":true}]}}