{"id":3,"date":"2018-08-09T09:08:05","date_gmt":"2018-08-09T09:08:05","guid":{"rendered":"http:\/\/rx4-test.com\/proyectos\/boulevard\/?page_id=3"},"modified":"2026-02-06T10:36:30","modified_gmt":"2026-02-06T10:36:30","slug":"privacy-policy","status":"publish","type":"page","link":"https:\/\/www.grupoboulevard.com\/luxury-villas\/privacy-policy\/","title":{"rendered":"Privacy Policy"},"content":{"rendered":"<h1 class=\"av-special-heading-tag\">PRIVACY POLICY<\/h1>\n<h2><strong>Pol\u00edtica de Privacidad y Proteci\u00f3n de datos de Grupo Boulevard<\/strong><\/h2>\n<p>Conforme a lo establecido en el nuevo Reglamento Europeo 679\/2016 de Protecci\u00f3n de Datos o RGPD, plenamente aplicable \u00a0el pr\u00f3ximo 25 de mayo, nos corresponde informarle sobre c\u00f3mo tratamos sus datos personales, en este sentido le recordamos que:<\/p>\n<ol>\n<li>\n<h3><strong>El responsable del tratamiento de sus datos es:<\/strong><\/h3>\n<\/li>\n<\/ol>\n<table>\n<tbody>\n<tr>\n<td><strong>Nombre o Raz\u00f3n social:<\/strong><\/td>\n<td>Avijo S.L. en adelante \u201cGRUPO BOULEVARD\u201d<\/td>\n<\/tr>\n<tr>\n<td><strong>CIF:<\/strong><\/td>\n<td>CIF: B07611379\u00a0 Inscrita en el Registro Mercantil de Baleares, tomo 1043, folio 205, hoja PM-11326, incripcion primera.<\/td>\n<\/tr>\n<tr>\n<td><strong>Nombre comercial:<\/strong><\/td>\n<td>Grupo Boulevard<\/td>\n<\/tr>\n<tr>\n<td><strong>Direcci\u00f3n:<\/strong><\/td>\n<td>Avda Albufera 23, 07458 Playas de Muro, Baleares Espa\u00f1a<\/td>\n<\/tr>\n<tr>\n<td><strong>Tel\u00e9fono:<\/strong><\/td>\n<td>971891566<\/td>\n<\/tr>\n<tr>\n<td><strong>Responsable de seguridad:<\/strong><\/td>\n<td>Avijo S.L.<\/td>\n<\/tr>\n<tr>\n<td><strong>Direcci\u00f3n de correo electr\u00f3nico:<\/strong><\/td>\n<td><u>boulevard@grupoboulevard.com<\/u>\u00a0(para cualquier asunto relacionado con esta politica de privacidad).<\/td>\n<\/tr>\n<\/tbody>\n<\/table>\n<ol start=\"2\">\n<li>\n<h3><strong>Finalidad<\/strong><\/h3>\n<\/li>\n<\/ol>\n<h4><strong>2.1 Las finalidades del tratamiento de sus datos de car\u00e1cter personal son:<\/strong><\/h4>\n<ul>\n<li>Cumplir con el deber de informaci\u00f3n y obtenci\u00f3n de consentimientos requeridos por la nueva normativa europea de protecci\u00f3n de datos de car\u00e1cter personal.<\/li>\n<li>Dar respuesta a solicitudes de informaci\u00f3n, presupuestos, proyectos, dudas o comentarios sobre nuestros servicios desde los distintos puntos de contacto con el sitio www.grupoboulevard.com y subdominios \u00a0que son formulario de contacto, email, chat, tel\u00e9fono.<\/li>\n<li>La utilizaci\u00f3n de cookies en nuestras p\u00e1ginas web tienen la \u00fanica finalidad indicada en el siguiente enlace:\u00a0<u>https:\/\/www.grupoboulevard.com\/politica-de-cookies\/<\/u><\/li>\n<li>En caso de candidatos a futuros puestos de trabajo\u00a0con el env\u00edo de su curriculum a nuestra base de datos, dichos datos se utilizan para el proceso de selecci\u00f3n en curso y futuros procesos de selecci\u00f3n, pudiendo en cualquier momento modifcarlos o darlos de baja de nuestra base de datos.<\/li>\n<\/ul>\n<h4><strong>2.2 \u00bfQu\u00e9\u00a0datos tratamos?<\/strong><\/h4>\n<p>En el marco de la prestaci\u00f3n de los servicios que ofrece la entidad y condicionado a las finalidades consentidas por usted, nuestra entidad \u00fanicamente se tratar\u00e1n los datos estrictamente necesarios para la correcta gesti\u00f3n de la relaci\u00f3n contractual y\/o prestaci\u00f3n de los servicios, y ser\u00e1 exclusivamente los que usted nos haya facilitado.<\/p>\n<h4><strong>2.3 Conservaremos sus datos:<\/strong><\/h4>\n<p>Los datos personales que nos proporciones ser\u00e1n conservados mientras se mantenga la\u00a0relaci\u00f3n vigente, o bien durante un plazo de 24 meses a partir\u00a0de la \u00faltima modificaci\u00f3n, siguiendo la normativa a efectos fiscales.<\/p>\n<p>No obstante nuestra entidad seguir\u00e1 conservando su informaci\u00f3n para el env\u00edo de\u00a0comunicaciones comerciales que consideremos sea de su inter\u00e9s, mientras no se solicite\u00a0su supresi\u00f3n por el interesado.<\/p>\n<p>Siempre podr\u00e1 ejercitar los derechos que le reconoce la normativa vigente poni\u00e9ndose\u00a0en contacto a trav\u00e9s de la v\u00eda que le sea m\u00e1s c\u00f3moda.<\/p>\n<ol start=\"3\">\n<li>\n<h3><strong>Legimitaci\u00f3n del tratamiento.<\/strong><\/h3>\n<\/li>\n<\/ol>\n<p>La base legal para el tratamiento de sus datos es la ejecuci\u00f3n del contrato de servicios necesario para la realizaci\u00f3n de la operaci\u00f3n negocial o bien \u00e9sta legitimaci\u00f3n est\u00e1 otorgada por su consentimiento expreso como propio y principal interesado.<\/p>\n<ol start=\"4\">\n<li>\n<h3><strong>Destinatarios<\/strong><\/h3>\n<\/li>\n<\/ol>\n<p>No se comunicar\u00e1n sus datos a ning\u00fan tercero, salvo obligaciones legales vigentes. En todo caso que cambie esta posibilidad se le informar\u00e1 debidamente solicitando su<br \/>\nconsentimiento para dicha cesi\u00f3n. Le informamos que tampoco se realizar\u00e1n transferencias internacionales.<\/p>\n<ol start=\"5\">\n<li>\n<h3><strong>Derechos.<\/strong><\/h3>\n<\/li>\n<\/ol>\n<p>En cuanto a los derechos que le contempla como interesado, el Reglamento Europeo de Protecci\u00f3n de Datos (RGPD), \u00a0usted puede ejercer los siguientes derechos:<\/p>\n<ul>\n<li><em>Derecho a solicitar el acceso a sus datos personales contenidos en nuestros ficheros.\u00a0<\/em>\u00a0El interesado tendr\u00e1 derecho a obtener del responsable del tratamiento confirmaci\u00f3n de si se est\u00e1n tratando o no los datos que le conciernan, as\u00ed como informaci\u00f3n detallada acerca de determinados aspectos del tratamiento que se est\u00e9 llevando a cabo.<\/li>\n<li><em>Derecho a solicitar la rectificaci\u00f3n de los datos inexactos.<\/em>\u00a0El interesado tendr\u00e1 derecho a obtener la rectificaci\u00f3n de los datos personales inexactos que le concierne o que se completen aquellos que fueran incompletos.<\/li>\n<li>Derecho a solicitar la limitaci\u00f3n del tratamiento en los casos establecidos por el RGPD, en cuyo caso, solamente los conservaremos para el ejercicio o defensa de reclamaciones.<\/li>\n<li><em>Derecho a oponerse al tratamiento de los datos.<\/em>\u00a0En determinadas circunstancias y por motivos relacionados con su situaci\u00f3n particular, los interesados podr\u00e1n oponerse al tratamiento de sus datos. La entidad dejar\u00e1 de tratar los datos, salvo por motivos leg\u00edtimos, imperiosos, o el ejercicio o la defensa de posibles reclamaciones.<\/li>\n<li>Derecho a la portabilidad de los datos.\u00a0Es decir, tendr\u00e1 derecho a recibir los datos personales que le incumban, que haya facilitado a un responsable del tratamiento, en un formato estructurado, de uso com\u00fan y lectura mec\u00e1nica y a transmitirlos a otro responsable del tratamiento.<\/li>\n<li>Para ejercitar sus derechos, deber\u00e1 enviar su solicitud a nuestra entidad, adjuntando a la misma copia de su DNI, pasaporte u otro documento equivalente acreditativo de su identidad y, en su caso, de la persona que lo represente, a trav\u00e9s de los siguientes medios:<\/li>\n<\/ul>\n<p><strong>Email:<\/strong>\u00a0<u><a href=\"mailto:boulevard@grupoboulevard.com\">boulevard@grupoboulevard.com<\/a><\/u><br \/>\n<strong>Direcci\u00f3n postal:<\/strong>\u00a0Avda Albufera 23, 07458, Playas de Muro, Baleares Espa\u00f1a.<\/p>\n<p>Asimismo, en cualquier momento podr\u00e1 retirar el consentimiento prestado sin que ello afecte a la licitud del tratamiento enviando su solicitud por los medios anteriormente indicados, acompa\u00f1ando a su solicitud una copia de su DNI o documento equivalente acreditativo de su identidad.<\/p>\n<p>Podr\u00e1 ejercer los referidos derechos, dirigi\u00e9ndose al responsable. Para ello, puede utilizar los datos de contacto facilitados al inicio del presente documento. Si desea obtener informaci\u00f3n adicional respecto al ejercicio de sus derechos, tambi\u00e9n puede dirigirse a la Agencia Espa\u00f1ola de Protecci\u00f3n de Datos.<\/p>\n<p>Asimismo le informamos que, si lo cree oportuno, tiene el derecho a retirar, en cualquier momento, el consentimiento otorgado para alguna finalidad espec\u00edfica, sin que ello afecte a la licitud\u00a0 del tratamiento, basado en el consentimiento previo a su retirada. En caso que entendiera que no se han atendido adecuadamente sus derechos, podr\u00e1 presentar una reclamaci\u00f3n ante la Agencia Espa\u00f1ola de Protecci\u00f3n de Datos. C\/ Jorge Juan, 6. 28001 \u2013 Madrid. www.agpd.es.<\/p>\n<p><strong>Garant\u00eda de Confidencialidad y Seguridad de los ficheros automatizados<\/strong><\/p>\n<p>GRUPO BOULEVARD en respuesta a la confianza depositada en nosotros y teniendo en cuenta la importancia en materia de protecci\u00f3n y confidencialidad que requieren sus datos personales, les informa que ha adoptado todas las medidas de \u00edndole t\u00e9cnica y organizativa necesarias para salvaguardar la seguridad de los mismos tal como exige el Real Decreto 1720\/2007 que regula el reglamento de medidas de seguridad de los ficheros automatizados que contengan datos de car\u00e1cter personal. Ello no obstante, el usuario debe ser consciente de que las medidas de seguridad en Internet no son inexpugnables.<\/p>\n<p>GRUPO BOULEVARD puede modificar las presentes pol\u00edticas de privacidad para adaptarlas a las medidas legislativas o jurisprudencia sobre datos personales que vayan apareciendo, por lo que exige su lectura, cada vez que nos facilite sus datos a trav\u00e9s de esta Web.<\/p>\n<p>&nbsp;<\/p>\n","protected":false},"excerpt":{"rendered":"<p>PRIVACY POLICY Pol\u00edtica de Privacidad y Proteci\u00f3n de datos de Grupo Boulevard Conforme a lo establecido en el nuevo Reglamento Europeo 679\/2016 de Protecci\u00f3n de Datos o RGPD, plenamente aplicable \u00a0el pr\u00f3ximo 25 de mayo, nos corresponde informarle sobre c\u00f3mo tratamos sus datos personales, en este sentido le recordamos que: El responsable del tratamiento de [&hellip;]<\/p>\n","protected":false},"author":1,"featured_media":0,"parent":0,"menu_order":0,"comment_status":"closed","ping_status":"closed","template":"","meta":{"_joinchat":[],"footnotes":""},"class_list":["post-3","page","type-page","status-publish","hentry"],"yoast_head":"<!-- This site is optimized with the Yoast SEO plugin v26.9 - https:\/\/yoast.com\/product\/yoast-seo-wordpress\/ -->\n<title>Privacy Policy - Luxury Villas - Grupo Boulevard<\/title>\n<meta name=\"robots\" content=\"index, follow, max-snippet:-1, max-image-preview:large, max-video-preview:-1\" \/>\n<link rel=\"canonical\" href=\"https:\/\/www.grupoboulevard.com\/luxury-villas\/privacy-policy\/\" \/>\n<meta property=\"og:locale\" content=\"es_ES\" \/>\n<meta property=\"og:type\" content=\"article\" \/>\n<meta property=\"og:title\" content=\"Privacy Policy - Luxury Villas - Grupo Boulevard\" \/>\n<meta property=\"og:description\" content=\"PRIVACY POLICY Pol\u00edtica de Privacidad y Proteci\u00f3n de datos de Grupo Boulevard Conforme a lo establecido en el nuevo Reglamento Europeo 679\/2016 de Protecci\u00f3n de Datos o RGPD, plenamente aplicable \u00a0el pr\u00f3ximo 25 de mayo, nos corresponde informarle sobre c\u00f3mo tratamos sus datos personales, en este sentido le recordamos que: El responsable del tratamiento de [&hellip;]\" \/>\n<meta property=\"og:url\" content=\"https:\/\/www.grupoboulevard.com\/luxury-villas\/privacy-policy\/\" \/>\n<meta property=\"og:site_name\" content=\"Luxury Villas - Grupo Boulevard\" \/>\n<meta property=\"article:modified_time\" content=\"2026-02-06T10:36:30+00:00\" \/>\n<meta name=\"twitter:card\" content=\"summary_large_image\" \/>\n<meta name=\"twitter:label1\" content=\"Tiempo de lectura\" \/>\n\t<meta name=\"twitter:data1\" content=\"6 minutos\" \/>\n<script type=\"application\/ld+json\" class=\"yoast-schema-graph\">{\"@context\":\"https:\/\/schema.org\",\"@graph\":[{\"@type\":\"WebPage\",\"@id\":\"https:\/\/www.grupoboulevard.com\/luxury-villas\/privacy-policy\/\",\"url\":\"https:\/\/www.grupoboulevard.com\/luxury-villas\/privacy-policy\/\",\"name\":\"Privacy Policy - Luxury Villas - Grupo Boulevard\",\"isPartOf\":{\"@id\":\"https:\/\/www.grupoboulevard.com\/luxury-villas\/de\/#website\"},\"datePublished\":\"2018-08-09T09:08:05+00:00\",\"dateModified\":\"2026-02-06T10:36:30+00:00\",\"breadcrumb\":{\"@id\":\"https:\/\/www.grupoboulevard.com\/luxury-villas\/privacy-policy\/#breadcrumb\"},\"inLanguage\":\"es\",\"potentialAction\":[{\"@type\":\"ReadAction\",\"target\":[\"https:\/\/www.grupoboulevard.com\/luxury-villas\/privacy-policy\/\"]}]},{\"@type\":\"BreadcrumbList\",\"@id\":\"https:\/\/www.grupoboulevard.com\/luxury-villas\/privacy-policy\/#breadcrumb\",\"itemListElement\":[{\"@type\":\"ListItem\",\"position\":1,\"name\":\"Portada\",\"item\":\"https:\/\/www.grupoboulevard.com\/luxury-villas\/\"},{\"@type\":\"ListItem\",\"position\":2,\"name\":\"Privacy Policy\"}]},{\"@type\":\"WebSite\",\"@id\":\"https:\/\/www.grupoboulevard.com\/luxury-villas\/de\/#website\",\"url\":\"https:\/\/www.grupoboulevard.com\/luxury-villas\/de\/\",\"name\":\"Luxury Villas - Grupo Boulevard\",\"description\":\"\",\"potentialAction\":[{\"@type\":\"SearchAction\",\"target\":{\"@type\":\"EntryPoint\",\"urlTemplate\":\"https:\/\/www.grupoboulevard.com\/luxury-villas\/de\/?s={search_term_string}\"},\"query-input\":{\"@type\":\"PropertyValueSpecification\",\"valueRequired\":true,\"valueName\":\"search_term_string\"}}],\"inLanguage\":\"es\"}]}<\/script>\n<!-- \/ Yoast SEO plugin. -->","yoast_head_json":{"title":"Privacy Policy - Luxury Villas - Grupo Boulevard","robots":{"index":"index","follow":"follow","max-snippet":"max-snippet:-1","max-image-preview":"max-image-preview:large","max-video-preview":"max-video-preview:-1"},"canonical":"https:\/\/www.grupoboulevard.com\/luxury-villas\/privacy-policy\/","og_locale":"es_ES","og_type":"article","og_title":"Privacy Policy - Luxury Villas - Grupo Boulevard","og_description":"PRIVACY POLICY Pol\u00edtica de Privacidad y Proteci\u00f3n de datos de Grupo Boulevard Conforme a lo establecido en el nuevo Reglamento Europeo 679\/2016 de Protecci\u00f3n de Datos o RGPD, plenamente aplicable \u00a0el pr\u00f3ximo 25 de mayo, nos corresponde informarle sobre c\u00f3mo tratamos sus datos personales, en este sentido le recordamos que: El responsable del tratamiento de [&hellip;]","og_url":"https:\/\/www.grupoboulevard.com\/luxury-villas\/privacy-policy\/","og_site_name":"Luxury Villas - Grupo Boulevard","article_modified_time":"2026-02-06T10:36:30+00:00","twitter_card":"summary_large_image","twitter_misc":{"Tiempo de lectura":"6 minutos"},"schema":{"@context":"https:\/\/schema.org","@graph":[{"@type":"WebPage","@id":"https:\/\/www.grupoboulevard.com\/luxury-villas\/privacy-policy\/","url":"https:\/\/www.grupoboulevard.com\/luxury-villas\/privacy-policy\/","name":"Privacy Policy - Luxury Villas - Grupo Boulevard","isPartOf":{"@id":"https:\/\/www.grupoboulevard.com\/luxury-villas\/de\/#website"},"datePublished":"2018-08-09T09:08:05+00:00","dateModified":"2026-02-06T10:36:30+00:00","breadcrumb":{"@id":"https:\/\/www.grupoboulevard.com\/luxury-villas\/privacy-policy\/#breadcrumb"},"inLanguage":"es","potentialAction":[{"@type":"ReadAction","target":["https:\/\/www.grupoboulevard.com\/luxury-villas\/privacy-policy\/"]}]},{"@type":"BreadcrumbList","@id":"https:\/\/www.grupoboulevard.com\/luxury-villas\/privacy-policy\/#breadcrumb","itemListElement":[{"@type":"ListItem","position":1,"name":"Portada","item":"https:\/\/www.grupoboulevard.com\/luxury-villas\/"},{"@type":"ListItem","position":2,"name":"Privacy Policy"}]},{"@type":"WebSite","@id":"https:\/\/www.grupoboulevard.com\/luxury-villas\/de\/#website","url":"https:\/\/www.grupoboulevard.com\/luxury-villas\/de\/","name":"Luxury Villas - Grupo Boulevard","description":"","potentialAction":[{"@type":"SearchAction","target":{"@type":"EntryPoint","urlTemplate":"https:\/\/www.grupoboulevard.com\/luxury-villas\/de\/?s={search_term_string}"},"query-input":{"@type":"PropertyValueSpecification","valueRequired":true,"valueName":"search_term_string"}}],"inLanguage":"es"}]}},"_links":{"self":[{"href":"https:\/\/www.grupoboulevard.com\/luxury-villas\/wp-json\/wp\/v2\/pages\/3","targetHints":{"allow":["GET"]}}],"collection":[{"href":"https:\/\/www.grupoboulevard.com\/luxury-villas\/wp-json\/wp\/v2\/pages"}],"about":[{"href":"https:\/\/www.grupoboulevard.com\/luxury-villas\/wp-json\/wp\/v2\/types\/page"}],"author":[{"embeddable":true,"href":"https:\/\/www.grupoboulevard.com\/luxury-villas\/wp-json\/wp\/v2\/users\/1"}],"replies":[{"embeddable":true,"href":"https:\/\/www.grupoboulevard.com\/luxury-villas\/wp-json\/wp\/v2\/comments?post=3"}],"version-history":[{"count":2,"href":"https:\/\/www.grupoboulevard.com\/luxury-villas\/wp-json\/wp\/v2\/pages\/3\/revisions"}],"predecessor-version":[{"id":1875,"href":"https:\/\/www.grupoboulevard.com\/luxury-villas\/wp-json\/wp\/v2\/pages\/3\/revisions\/1875"}],"wp:attachment":[{"href":"https:\/\/www.grupoboulevard.com\/luxury-villas\/wp-json\/wp\/v2\/media?parent=3"}],"curies":[{"name":"wp","href":"https:\/\/api.w.org\/{rel}","templated":true}]}}