{"id":337,"date":"2018-08-21T14:49:51","date_gmt":"2018-08-21T14:49:51","guid":{"rendered":"http:\/\/rx4-test.com\/proyectos\/boulevard\/cookies-policy\/"},"modified":"2024-08-29T10:57:37","modified_gmt":"2024-08-29T10:57:37","slug":"cookies-policy","status":"publish","type":"page","link":"https:\/\/www.grupoboulevard.com\/luxury-villas\/en\/cookies-policy\/","title":{"rendered":"Cookies policy"},"content":{"rendered":"<div class=\"av-special-heading av-special-heading-h2  blockquote modern-quote modern-centered  avia-builder-el-0  el_before_av_textblock  avia-builder-el-first \">\n<h1 class=\"av-special-heading-tag\">COOKIES POLICY<\/h1>\n<\/div>\n<section class=\"av_textblock_section\">\n<div class=\"avia_textblock \">\n<p>A cookie is a file that is downloaded to your computer when you access certain websites. Cookies allow a website, among other things, to store and retrieve information about the browsing habits of a user or their computer and, depending on the information they contain and the way you use your computer, they can be used to recognise the user. The user&#8217;s browser memorises cookies on the hard disk only during the current session, occupying minimal memory space and not harming the computer. Cookies do not contain any specific personal information, and most of them are deleted from the hard disk at the end of the browser session (so-called session cookies).<\/p>\n<p>Most browsers accept cookies as standard and, independently of them, allow or prevent temporary or stored cookies in the security settings.<\/p>\n<h2><strong>WHAT TYPES OF COOKIES DOES THIS WEBSITE USE?<\/strong><\/h2>\n<h3><strong>Technical cookies:<\/strong><\/h3>\n<p>Son aqu\u00e9llas que permiten al usuario la navegaci\u00f3n a trav\u00e9s de una p\u00e1gina web, plataforma o aplicaci\u00f3n y la utilizaci\u00f3n de las diferentes opciones o servicios que en ella existan como, por ejemplo, controlar el tr\u00e1fico y la comunicaci\u00f3n de datos, identificar la sesi\u00f3n, acceder a partes de acceso restringido, recordar los elementos que integran un pedido, realizar el proceso de compra de un pedido, realizar la solicitud de inscripci\u00f3n o participaci\u00f3n en un evento, utilizar elementos de seguridad durante la navegaci\u00f3n, almacenar contenidos para la difusi\u00f3n de videos o sonido o compartir contenidos a trav\u00e9s de redes sociales.<\/p>\n<h3><strong>Cookies de personalizaci\u00f3n:<\/strong><\/h3>\n<p>Son aqu\u00e9llas que permiten al usuario acceder al servicio con algunas caracter\u00edsticas de car\u00e1cter general predefinidas en funci\u00f3n de una serie de criterios en el terminal del usuario como por ejemplo serian el idioma, el tipo de navegador a trav\u00e9s del cual accede al servicio, la configuraci\u00f3n regional desde donde accede al servicio, etc.<\/p>\n<h3><strong>Cookies de an\u00e1lisis:<\/strong><\/h3>\n<p>Son aqu\u00e9llas que bien tratadas por nosotros o por terceros, nos permiten cuantificar el n\u00famero de usuarios y as\u00ed realizar la medici\u00f3n y an\u00e1lisis estad\u00edstico de la utilizaci\u00f3n que hacen los usuarios del servicio ofertado. Para ello se analiza su navegaci\u00f3n en nuestra p\u00e1gina web con el fin de mejorar la oferta de productos o servicios que le ofrecemos.<\/p>\n<h3><strong>Advertising cookies:<\/strong><\/strong><\/h3>\n<p>They are those that, when properly handled by us or by third parties, allow us to manage the advertising space on the website as effectively as possible, tailoring the content of the ad to the content of the requested service or to the use you make of our website. To do this, we can analyze your browsing habits on the Internet and show you ads related to your browsing profile.<\/p>\n<h3><strong>Behavioral Advertising Cookies:<\/strong><\/h3>\n<p>These are the ones that allow the management, in the most effective way possible, of the advertising spaces that, if applicable, the publisher has included on a website, application, or platform from which the requested service is provided. These cookies store information about user behavior obtained through the continuous observation of their browsing habits, which allows for the development of a specific profile to show advertising based on it.<\/p>\n<h3><strong>Third-party Cookies:<\/strong><\/h3>\n<p>The website may use third-party services that collect information for statistical purposes, regarding the user&#8217;s use of the site, and for the provision of other services related to the activity of the website and other Internet services. In particular, this website uses Google Analytics, a web analytics service provided by Google, Inc., based in the United States at 1600 Amphitheatre Parkway, Mountain View, California 94043. To provide these services, they use cookies that collect information, including the user&#8217;s IP address, which will be transmitted, processed, and stored by Google under the terms set forth on the Google.com website. This includes the possible transmission of such information to third parties for legal reasons or when such third parties process the information on behalf of Google.<\/p>\n<p><strong>The user expressly accepts, by using this site, the processing of the information collected in the manner and for the purposes mentioned above.<\/strong>\u00a0They also acknowledge the possibility of rejecting the processing of such data or information by rejecting the use of cookies through the appropriate settings in their browser. However, this option to block cookies in your browser may not allow you to use all the functionalities of the website fully. You can allow, block, or delete the cookies installed on your device by configuring the options of the browser installed on your computer.<\/p>\n<\/div>\n<\/section>\n","protected":false},"excerpt":{"rendered":"<p>COOKIES POLICY A cookie is a file that is downloaded to your computer when you access certain websites. Cookies allow a website, among other things, to store and retrieve information about the browsing habits of a user or their computer and, depending on the information they contain and the way you use your computer, they [&hellip;]<\/p>\n","protected":false},"author":1,"featured_media":0,"parent":0,"menu_order":0,"comment_status":"closed","ping_status":"closed","template":"","meta":{"_joinchat":[],"footnotes":""},"class_list":["post-337","page","type-page","status-publish","hentry"],"yoast_head":"<!-- This site is optimized with the Yoast SEO plugin v26.9 - https:\/\/yoast.com\/product\/yoast-seo-wordpress\/ -->\n<title>Cookies policy - Luxury Villas - Grupo Boulevard<\/title>\n<meta name=\"robots\" content=\"index, follow, max-snippet:-1, max-image-preview:large, max-video-preview:-1\" \/>\n<link rel=\"canonical\" href=\"https:\/\/www.grupoboulevard.com\/luxury-villas\/cookies-policy\/\" \/>\n<meta property=\"og:locale\" content=\"en_US\" \/>\n<meta property=\"og:type\" content=\"article\" \/>\n<meta property=\"og:title\" content=\"Cookies policy - Luxury Villas - Grupo Boulevard\" \/>\n<meta property=\"og:description\" content=\"COOKIES POLICY A cookie is a file that is downloaded to your computer when you access certain websites. Cookies allow a website, among other things, to store and retrieve information about the browsing habits of a user or their computer and, depending on the information they contain and the way you use your computer, they [&hellip;]\" \/>\n<meta property=\"og:url\" content=\"https:\/\/www.grupoboulevard.com\/luxury-villas\/cookies-policy\/\" \/>\n<meta property=\"og:site_name\" content=\"Luxury Villas - Grupo Boulevard\" \/>\n<meta property=\"article:modified_time\" content=\"2024-08-29T10:57:37+00:00\" \/>\n<meta name=\"twitter:card\" content=\"summary_large_image\" \/>\n<meta name=\"twitter:label1\" content=\"Est. reading time\" \/>\n\t<meta name=\"twitter:data1\" content=\"4 minutes\" \/>\n<script type=\"application\/ld+json\" class=\"yoast-schema-graph\">{\"@context\":\"https:\/\/schema.org\",\"@graph\":[{\"@type\":\"WebPage\",\"@id\":\"https:\/\/www.grupoboulevard.com\/luxury-villas\/cookies-policy\/\",\"url\":\"https:\/\/www.grupoboulevard.com\/luxury-villas\/cookies-policy\/\",\"name\":\"Cookies policy - Luxury Villas - Grupo Boulevard\",\"isPartOf\":{\"@id\":\"https:\/\/www.grupoboulevard.com\/luxury-villas\/de\/#website\"},\"datePublished\":\"2018-08-21T14:49:51+00:00\",\"dateModified\":\"2024-08-29T10:57:37+00:00\",\"breadcrumb\":{\"@id\":\"https:\/\/www.grupoboulevard.com\/luxury-villas\/cookies-policy\/#breadcrumb\"},\"inLanguage\":\"en-US\",\"potentialAction\":[{\"@type\":\"ReadAction\",\"target\":[\"https:\/\/www.grupoboulevard.com\/luxury-villas\/cookies-policy\/\"]}]},{\"@type\":\"BreadcrumbList\",\"@id\":\"https:\/\/www.grupoboulevard.com\/luxury-villas\/cookies-policy\/#breadcrumb\",\"itemListElement\":[{\"@type\":\"ListItem\",\"position\":1,\"name\":\"Portada\",\"item\":\"https:\/\/www.grupoboulevard.com\/luxury-villas\/en\/\"},{\"@type\":\"ListItem\",\"position\":2,\"name\":\"Cookies policy\"}]},{\"@type\":\"WebSite\",\"@id\":\"https:\/\/www.grupoboulevard.com\/luxury-villas\/de\/#website\",\"url\":\"https:\/\/www.grupoboulevard.com\/luxury-villas\/de\/\",\"name\":\"Luxury Villas - Grupo Boulevard\",\"description\":\"\",\"potentialAction\":[{\"@type\":\"SearchAction\",\"target\":{\"@type\":\"EntryPoint\",\"urlTemplate\":\"https:\/\/www.grupoboulevard.com\/luxury-villas\/de\/?s={search_term_string}\"},\"query-input\":{\"@type\":\"PropertyValueSpecification\",\"valueRequired\":true,\"valueName\":\"search_term_string\"}}],\"inLanguage\":\"en-US\"}]}<\/script>\n<!-- \/ Yoast SEO plugin. -->","yoast_head_json":{"title":"Cookies policy - Luxury Villas - Grupo Boulevard","robots":{"index":"index","follow":"follow","max-snippet":"max-snippet:-1","max-image-preview":"max-image-preview:large","max-video-preview":"max-video-preview:-1"},"canonical":"https:\/\/www.grupoboulevard.com\/luxury-villas\/cookies-policy\/","og_locale":"en_US","og_type":"article","og_title":"Cookies policy - Luxury Villas - Grupo Boulevard","og_description":"COOKIES POLICY A cookie is a file that is downloaded to your computer when you access certain websites. Cookies allow a website, among other things, to store and retrieve information about the browsing habits of a user or their computer and, depending on the information they contain and the way you use your computer, they [&hellip;]","og_url":"https:\/\/www.grupoboulevard.com\/luxury-villas\/cookies-policy\/","og_site_name":"Luxury Villas - Grupo Boulevard","article_modified_time":"2024-08-29T10:57:37+00:00","twitter_card":"summary_large_image","twitter_misc":{"Est. reading time":"4 minutes"},"schema":{"@context":"https:\/\/schema.org","@graph":[{"@type":"WebPage","@id":"https:\/\/www.grupoboulevard.com\/luxury-villas\/cookies-policy\/","url":"https:\/\/www.grupoboulevard.com\/luxury-villas\/cookies-policy\/","name":"Cookies policy - Luxury Villas - Grupo Boulevard","isPartOf":{"@id":"https:\/\/www.grupoboulevard.com\/luxury-villas\/de\/#website"},"datePublished":"2018-08-21T14:49:51+00:00","dateModified":"2024-08-29T10:57:37+00:00","breadcrumb":{"@id":"https:\/\/www.grupoboulevard.com\/luxury-villas\/cookies-policy\/#breadcrumb"},"inLanguage":"en-US","potentialAction":[{"@type":"ReadAction","target":["https:\/\/www.grupoboulevard.com\/luxury-villas\/cookies-policy\/"]}]},{"@type":"BreadcrumbList","@id":"https:\/\/www.grupoboulevard.com\/luxury-villas\/cookies-policy\/#breadcrumb","itemListElement":[{"@type":"ListItem","position":1,"name":"Portada","item":"https:\/\/www.grupoboulevard.com\/luxury-villas\/en\/"},{"@type":"ListItem","position":2,"name":"Cookies policy"}]},{"@type":"WebSite","@id":"https:\/\/www.grupoboulevard.com\/luxury-villas\/de\/#website","url":"https:\/\/www.grupoboulevard.com\/luxury-villas\/de\/","name":"Luxury Villas - Grupo Boulevard","description":"","potentialAction":[{"@type":"SearchAction","target":{"@type":"EntryPoint","urlTemplate":"https:\/\/www.grupoboulevard.com\/luxury-villas\/de\/?s={search_term_string}"},"query-input":{"@type":"PropertyValueSpecification","valueRequired":true,"valueName":"search_term_string"}}],"inLanguage":"en-US"}]}},"_links":{"self":[{"href":"https:\/\/www.grupoboulevard.com\/luxury-villas\/en\/wp-json\/wp\/v2\/pages\/337","targetHints":{"allow":["GET"]}}],"collection":[{"href":"https:\/\/www.grupoboulevard.com\/luxury-villas\/en\/wp-json\/wp\/v2\/pages"}],"about":[{"href":"https:\/\/www.grupoboulevard.com\/luxury-villas\/en\/wp-json\/wp\/v2\/types\/page"}],"author":[{"embeddable":true,"href":"https:\/\/www.grupoboulevard.com\/luxury-villas\/en\/wp-json\/wp\/v2\/users\/1"}],"replies":[{"embeddable":true,"href":"https:\/\/www.grupoboulevard.com\/luxury-villas\/en\/wp-json\/wp\/v2\/comments?post=337"}],"version-history":[{"count":1,"href":"https:\/\/www.grupoboulevard.com\/luxury-villas\/en\/wp-json\/wp\/v2\/pages\/337\/revisions"}],"predecessor-version":[{"id":1817,"href":"https:\/\/www.grupoboulevard.com\/luxury-villas\/en\/wp-json\/wp\/v2\/pages\/337\/revisions\/1817"}],"wp:attachment":[{"href":"https:\/\/www.grupoboulevard.com\/luxury-villas\/en\/wp-json\/wp\/v2\/media?parent=337"}],"curies":[{"name":"wp","href":"https:\/\/api.w.org\/{rel}","templated":true}]}}