{"id":359,"date":"2018-08-09T09:08:05","date_gmt":"2018-08-09T09:08:05","guid":{"rendered":"http:\/\/rx4-test.com\/proyectos\/boulevard\/privacy-policy\/"},"modified":"2024-08-29T11:39:18","modified_gmt":"2024-08-29T11:39:18","slug":"privacy-policy","status":"publish","type":"page","link":"https:\/\/www.grupoboulevard.com\/luxury-villas\/de\/privacy-policy\/","title":{"rendered":"Datenschutzbestimmungen"},"content":{"rendered":"<h1 class=\"av-special-heading-tag\">Datenschutzbestimmungen<\/h1>\n<h2><strong>Privatsph\u00e4re und Datenschutz der Boulevard-Gruppe<\/strong><\/h2>\n<p>Gem\u00e4\u00df den Bestimmungen der neuen europ\u00e4ischen Datenschutzverordnung 679\/2016 oder GDPR, die am 25. Mai vollst\u00e4ndig in Kraft tritt, ist es unsere Pflicht, Sie dar\u00fcber zu informieren, wie wir Ihre personenbezogenen Daten verarbeiten:<\/p>\n<ol>\n<li>\n<h3><strong>Der Verantwortliche f\u00fcr die Verarbeitung Ihrer Daten ist:<\/strong><\/h3>\n<\/li>\n<\/ol>\n<table>\n<tbody>\n<tr>\n<td><strong>Name oder Firmenname:<\/strong><\/td>\n<td>Avijo S.L., nachstehend \u201eGRUPO BOULEVARD\u201c genannt.<\/td>\n<\/tr>\n<tr>\n<td><strong>CIF:<\/strong><\/td>\n<td>CIF: B07611379\u00a0 Eingetragen im Handelsregister der Balearischen Inseln, Band 1043, Blatt 205, Seite PM-11326, erster Eintrag.<\/td>\n<\/tr>\n<tr>\n<td><strong>NHandelsname:<\/strong><\/td>\n<td>Grupo Boulevard<\/td>\n<\/tr>\n<tr>\n<td><strong>Adresse:<\/strong><\/td>\n<td>Avda Albufera 23, 07458 Playas de Muro, Baleares Espa\u00f1a<\/td>\n<\/tr>\n<tr>\n<td><strong>Telefon:<\/strong><\/td>\n<td>0034971891566<\/td>\n<\/tr>\n<tr>\n<td><strong>Sicherheitsbeauftragter:<\/strong><\/td>\n<td>Avijo S.L.<\/td>\n<\/tr>\n<tr>\n<td><strong>E-Mail Adresse:<\/strong><\/td>\n<td><u>boulevard@grupoboulevard.com<\/u>\u00a0(f\u00fcr alle Fragen im Zusammenhang mit dieser Datenschutzpolitik).<\/td>\n<\/tr>\n<\/tbody>\n<\/table>\n<ol start=\"2\">\n<li>\n<h3><strong>Zweck<\/strong><\/h3>\n<\/li>\n<\/ol>\n<h4><strong>2.1 Die Zwecke der Verarbeitung Ihrer personenbezogenen Daten sind:<\/strong><\/h4>\n<ul>\n<li>Erf\u00fcllung der Informations- und Einwilligungspflicht, die in den neuen europ\u00e4ischen Vorschriften zum Schutz personenbezogener Daten vorgesehen ist.<\/li>\n<li>Beantwortung von Anfragen nach Informationen, Angeboten, Projekten, Fragen oder Kommentaren zu unseren Dienstleistungen \u00fcber die verschiedenen Kontaktpunkte auf der Website www.grupoboulevard.com und den Subdomains (Kontaktformular, E-Mail, Chat, Telefon).<\/li>\n<li>Die Verwendung von Cookies auf unseren Websites erfolgt ausschlie\u00dflich zu dem im folgenden Link angegebenen Zweck: <u>https:\/\/www.grupoboulevard.com\/luxury-villas\/de\/privacy-policy\/<\/u><\/li>\n<li>Im Falle von Bewerbern f\u00fcr k\u00fcnftige Stellen, die ihren Lebenslauf an unsere Datenbank senden, werden diese Daten f\u00fcr das laufende und k\u00fcnftige Auswahlverfahren verwendet und k\u00f6nnen jederzeit ge\u00e4ndert oder aus unserer Datenbank gel\u00f6scht werden.<\/li>\n<\/ul>\n<h4><strong>2.2 Welche Daten verarbeiten wir?<\/strong><\/h4>\n<p>Im Rahmen der Erbringung der von der Einrichtung angebotenen Dienstleistungen und vorbehaltlich der von Ihnen eingewilligten Zwecke wird unsere Einrichtung nur die Daten verarbeiten, die f\u00fcr die korrekte Verwaltung des Vertragsverh\u00e4ltnisses und\/oder die Erbringung der Dienstleistungen unbedingt erforderlich sind, und zwar ausschlie\u00dflich die Daten, die Sie uns mitgeteilt haben.<\/p>\n<h4><strong>2.3 Wir werden Ihre Daten aufbewahren:<\/strong><\/h4>\n<p>Die pers\u00f6nlichen Daten, die Sie uns zur Verf\u00fcgung stellen, werden so lange aufbewahrt, wie die Beziehung besteht, oder f\u00fcr einen Zeitraum von 24 Monaten nach der letzten \u00c4nderung, in \u00dcbereinstimmung mit den Steuervorschriften.<\/p>\n<p>Unser Unternehmen bewahrt Ihre Daten jedoch weiterhin auf, um Ihnen kommerzielle Mitteilungen zukommen zu lassen, die f\u00fcr Sie von Interesse sein k\u00f6nnten, solange der Betroffene nicht deren L\u00f6schung verlangt.<br \/>\nSie k\u00f6nnen jederzeit die von der geltenden Gesetzgebung anerkannten Rechte aus\u00fcben, indem Sie uns \u00fcber den f\u00fcr Sie am besten geeigneten Kanal kontaktieren.<\/p>\n<ol start=\"3\">\n<li>\n<h3><strong>Legimitation der Behandlung.<\/strong><\/h3>\n<\/li>\n<\/ol>\n<p>Die Rechtsgrundlage f\u00fcr die Verarbeitung Ihrer Daten ist die Erf\u00fcllung des Dienstleistungsvertrags, der f\u00fcr die Durchf\u00fchrung des Gesch\u00e4ftsvorfalls erforderlich ist, oder Ihre ausdr\u00fcckliche Zustimmung als Hauptbetroffene.<\/p>\n<ol start=\"4\">\n<li>\n<h3><strong>Adressaten<\/strong><\/h3>\n<\/li>\n<\/ol>\n<p>Ihre Daten werden nicht an Dritte weitergegeben, es sei denn, es bestehen gesetzliche Verpflichtungen. Sollte sich diese M\u00f6glichkeit \u00e4ndern, werden Sie ordnungsgem\u00e4\u00df informiert und um Ihre Zustimmung zu einer solchen Weitergabe gebeten.<br \/>\nZustimmung zu einer solchen \u00dcbermittlung. Wir weisen Sie darauf hin, dass auch keine internationalen \u00dcbermittlungen erfolgen werden.<\/p>\n<ol start=\"5\">\n<li>\n<h3><strong>Rechte.<\/strong><\/h3>\n<\/li>\n<\/ol>\n<p>In Bezug auf die Rechte, die die Europ\u00e4ische Datenschutzverordnung (DSGVO) Ihnen als betroffene Person einr\u00e4umt, k\u00f6nnen Sie die folgenden Rechte aus\u00fcben:<\/p>\n<ul>\n<li><em>Das Recht, Zugang zu Ihren pers\u00f6nlichen Daten in unseren Dateien zu verlangen.<\/em>\u00a0 Die betroffene Person hat das Recht, von dem f\u00fcr die Verarbeitung Verantwortlichen eine Best\u00e4tigung dar\u00fcber zu erhalten, ob sie betreffende Daten verarbeitet werden oder nicht, sowie ausf\u00fchrliche Informationen \u00fcber bestimmte Aspekte der durchgef\u00fchrten Verarbeitung.<\/li>\n<li><em>Die betroffene Person hat das Recht, unrichtige personenbezogene Daten, die sie betreffen, berichtigen oder unvollst\u00e4ndige personenbezogene Daten vervollst\u00e4ndigen zu lassen.<\/li>\n<li>Das Recht, die Einschr\u00e4nkung der Verarbeitung in den von der DSGVO festgelegten F\u00e4llen zu verlangen; in diesem Fall werden wir die Daten nur zur Geltendmachung oder Verteidigung von Anspr\u00fcchen speichern.<\/li>\n<li><em>Recht auf Widerspruch gegen die Verarbeitung von Daten.<\/em> Unter bestimmten Umst\u00e4nden und aus Gr\u00fcnden, die mit ihrer besonderen Situation zusammenh\u00e4ngen, k\u00f6nnen die betroffenen Personen der Verarbeitung ihrer Daten widersprechen. Die Einrichtung wird die Verarbeitung der Daten einstellen, es sei denn, es liegen berechtigte, zwingende Gr\u00fcnde vor oder es geht um die Geltendmachung oder Verteidigung etwaiger Anspr\u00fcche.<\/li>\n<li>Recht auf Daten\u00fcbertragbarkeit. Mit anderen Worten: Sie haben das Recht, die Sie betreffenden personenbezogenen Daten, die Sie einem f\u00fcr die Verarbeitung Verantwortlichen bereitgestellt haben, in einem strukturierten, g\u00e4ngigen und maschinenlesbaren Format zu erhalten und sie einem anderen f\u00fcr die Verarbeitung Verantwortlichen zu \u00fcbermitteln.<\/li>\n<li>Um Ihre Rechte geltend zu machen, m\u00fcssen Sie Ihren Antrag an unsere Stelle richten und eine Kopie Ihres Personalausweises, Reisepasses oder eines anderen gleichwertigen Dokuments beif\u00fcgen, das Ihre Identit\u00e4t und gegebenenfalls die Ihres Vertreters nachweist:<\/li>\n<\/ul>\n<p><strong>Email:<\/strong>\u00a0<u><a href=\"mailto:boulevard@grupoboulevard.com\">boulevard@grupoboulevard.com<\/a><\/u><br \/>\n<strong>Postanschrift:<\/strong>\u00a0Avda Albufera 23, 07458, Playas de Muro, Baleares Espa\u00f1a.<\/p>\n<p>Ebenso k\u00f6nnen Sie die erteilte Einwilligung jederzeit widerrufen, ohne dass dies die Rechtm\u00e4\u00dfigkeit der Behandlung beeintr\u00e4chtigt, indem Sie Ihre Anfrage auf den oben genannten Wegen senden und Ihrer Anfrage eine Kopie Ihres Personalausweises oder eines gleichwertigen Dokuments zum Nachweis Ihrer Identit\u00e4t beif\u00fcgen.<\/p>\n<p>Die oben genannten Rechte k\u00f6nnen Sie jederzeit aus\u00fcben, indem Sie sich an den Verantwortlichen wenden. Hierzu k\u00f6nnen Sie die am Anfang dieses Dokuments angegebenen Kontaktinformationen nutzen. Wenn Sie weitere Informationen zur Aus\u00fcbung Ihrer Rechte erhalten m\u00f6chten, k\u00f6nnen Sie sich auch an die spanische Datenschutzbeh\u00f6rde wenden.<\/p>\n<p>Wir informieren Sie auch dar\u00fcber, dass Sie, wenn Sie es f\u00fcr angemessen halten, jederzeit das Recht haben, die f\u00fcr einen bestimmten Zweck erteilte Einwilligung zu widerrufen, ohne dass dies die Rechtm\u00e4\u00dfigkeit der Behandlung ber\u00fchrt, die auf der Einwilligung vor ihrem Widerruf beruhte. Wenn Sie feststellen, dass Ihre Rechte nicht angemessen gewahrt wurden, k\u00f6nnen Sie eine Beschwerde bei der spanischen Datenschutzbeh\u00f6rde einreichen. C\/ Jorge Juan, 6. 28001 \u2013 Madrid. www.agpd.es.<\/p>\n<p><strong>Vertraulichkeits- und Sicherheitsgarantie f\u00fcr automatisierte Dateien<\/strong><\/p>\n<p>Als Reaktion auf das in uns gesetzte Vertrauen und unter Ber\u00fccksichtigung der Bedeutung des Schutzes und der Vertraulichkeit, die Ihre personenbezogenen Daten erfordern, teilt Ihnen GRUPO BOULEVARD mit, dass sie alle erforderlichen technischen und organisatorischen Ma\u00dfnahmen ergriffen hat, um deren Sicherheit wie erforderlich zu gew\u00e4hrleisten durch das K\u00f6nigliche Dekret 1720\/2007, das die Regelung der Sicherheitsma\u00dfnahmen f\u00fcr automatisierte Dateien mit personenbezogenen Daten regelt. Der Nutzer muss sich jedoch dar\u00fcber im Klaren sein, dass Internet-Sicherheitsma\u00dfnahmen nicht unumst\u00f6\u00dflich sind.<\/p>\n<p>GRUPO BOULEVARD kann diese Datenschutzrichtlinien \u00e4ndern, um sie an gesetzgeberische Ma\u00dfnahmen oder die Rechtsprechung zu personenbezogenen Daten anzupassen, die m\u00f6glicherweise angezeigt werden. Daher ist es erforderlich, sie jedes Mal zu lesen, wenn Sie uns Ihre Daten \u00fcber diese Website mitteilen.<\/p>\n<p>&nbsp;<\/p>\n","protected":false},"excerpt":{"rendered":"<p>Datenschutzbestimmungen Privatsph\u00e4re und Datenschutz der Boulevard-Gruppe Gem\u00e4\u00df den Bestimmungen der neuen europ\u00e4ischen Datenschutzverordnung 679\/2016 oder GDPR, die am 25. Mai vollst\u00e4ndig in Kraft tritt, ist es unsere Pflicht, Sie dar\u00fcber zu informieren, wie wir Ihre personenbezogenen Daten verarbeiten: Der Verantwortliche f\u00fcr die Verarbeitung Ihrer Daten ist: Name oder Firmenname: Avijo S.L., nachstehend \u201eGRUPO BOULEVARD\u201c genannt. [&hellip;]<\/p>\n","protected":false},"author":1,"featured_media":0,"parent":0,"menu_order":0,"comment_status":"closed","ping_status":"closed","template":"","meta":{"_joinchat":[],"footnotes":""},"class_list":["post-359","page","type-page","status-publish","hentry"],"yoast_head":"<!-- This site is optimized with the Yoast SEO plugin v26.9 - https:\/\/yoast.com\/product\/yoast-seo-wordpress\/ -->\n<title>Datenschutzbestimmungen - Luxury Villas - Grupo Boulevard<\/title>\n<meta name=\"robots\" content=\"index, follow, max-snippet:-1, max-image-preview:large, max-video-preview:-1\" \/>\n<link rel=\"canonical\" href=\"https:\/\/www.grupoboulevard.com\/luxury-villas\/privacy-policy\/\" \/>\n<meta property=\"og:locale\" content=\"de_DE\" \/>\n<meta property=\"og:type\" content=\"article\" \/>\n<meta property=\"og:title\" content=\"Datenschutzbestimmungen - Luxury Villas - Grupo Boulevard\" \/>\n<meta property=\"og:description\" content=\"Datenschutzbestimmungen Privatsph\u00e4re und Datenschutz der Boulevard-Gruppe Gem\u00e4\u00df den Bestimmungen der neuen europ\u00e4ischen Datenschutzverordnung 679\/2016 oder GDPR, die am 25. Mai vollst\u00e4ndig in Kraft tritt, ist es unsere Pflicht, Sie dar\u00fcber zu informieren, wie wir Ihre personenbezogenen Daten verarbeiten: Der Verantwortliche f\u00fcr die Verarbeitung Ihrer Daten ist: Name oder Firmenname: Avijo S.L., nachstehend \u201eGRUPO BOULEVARD\u201c genannt. [&hellip;]\" \/>\n<meta property=\"og:url\" content=\"https:\/\/www.grupoboulevard.com\/luxury-villas\/privacy-policy\/\" \/>\n<meta property=\"og:site_name\" content=\"Luxury Villas - Grupo Boulevard\" \/>\n<meta property=\"article:modified_time\" content=\"2024-08-29T11:39:18+00:00\" \/>\n<meta name=\"twitter:card\" content=\"summary_large_image\" \/>\n<meta name=\"twitter:label1\" content=\"Gesch\u00e4tzte Lesezeit\" \/>\n\t<meta name=\"twitter:data1\" content=\"5\u00a0Minuten\" \/>\n<script type=\"application\/ld+json\" class=\"yoast-schema-graph\">{\"@context\":\"https:\/\/schema.org\",\"@graph\":[{\"@type\":\"WebPage\",\"@id\":\"https:\/\/www.grupoboulevard.com\/luxury-villas\/privacy-policy\/\",\"url\":\"https:\/\/www.grupoboulevard.com\/luxury-villas\/privacy-policy\/\",\"name\":\"Datenschutzbestimmungen - Luxury Villas - Grupo Boulevard\",\"isPartOf\":{\"@id\":\"https:\/\/www.grupoboulevard.com\/luxury-villas\/de\/#website\"},\"datePublished\":\"2018-08-09T09:08:05+00:00\",\"dateModified\":\"2024-08-29T11:39:18+00:00\",\"breadcrumb\":{\"@id\":\"https:\/\/www.grupoboulevard.com\/luxury-villas\/privacy-policy\/#breadcrumb\"},\"inLanguage\":\"de\",\"potentialAction\":[{\"@type\":\"ReadAction\",\"target\":[\"https:\/\/www.grupoboulevard.com\/luxury-villas\/privacy-policy\/\"]}]},{\"@type\":\"BreadcrumbList\",\"@id\":\"https:\/\/www.grupoboulevard.com\/luxury-villas\/privacy-policy\/#breadcrumb\",\"itemListElement\":[{\"@type\":\"ListItem\",\"position\":1,\"name\":\"Portada\",\"item\":\"https:\/\/www.grupoboulevard.com\/luxury-villas\/de\/\"},{\"@type\":\"ListItem\",\"position\":2,\"name\":\"Privacy Policy\"}]},{\"@type\":\"WebSite\",\"@id\":\"https:\/\/www.grupoboulevard.com\/luxury-villas\/de\/#website\",\"url\":\"https:\/\/www.grupoboulevard.com\/luxury-villas\/de\/\",\"name\":\"Luxury Villas - Grupo Boulevard\",\"description\":\"\",\"potentialAction\":[{\"@type\":\"SearchAction\",\"target\":{\"@type\":\"EntryPoint\",\"urlTemplate\":\"https:\/\/www.grupoboulevard.com\/luxury-villas\/de\/?s={search_term_string}\"},\"query-input\":{\"@type\":\"PropertyValueSpecification\",\"valueRequired\":true,\"valueName\":\"search_term_string\"}}],\"inLanguage\":\"de\"}]}<\/script>\n<!-- \/ Yoast SEO plugin. -->","yoast_head_json":{"title":"Datenschutzbestimmungen - Luxury Villas - Grupo Boulevard","robots":{"index":"index","follow":"follow","max-snippet":"max-snippet:-1","max-image-preview":"max-image-preview:large","max-video-preview":"max-video-preview:-1"},"canonical":"https:\/\/www.grupoboulevard.com\/luxury-villas\/privacy-policy\/","og_locale":"de_DE","og_type":"article","og_title":"Datenschutzbestimmungen - Luxury Villas - Grupo Boulevard","og_description":"Datenschutzbestimmungen Privatsph\u00e4re und Datenschutz der Boulevard-Gruppe Gem\u00e4\u00df den Bestimmungen der neuen europ\u00e4ischen Datenschutzverordnung 679\/2016 oder GDPR, die am 25. Mai vollst\u00e4ndig in Kraft tritt, ist es unsere Pflicht, Sie dar\u00fcber zu informieren, wie wir Ihre personenbezogenen Daten verarbeiten: Der Verantwortliche f\u00fcr die Verarbeitung Ihrer Daten ist: Name oder Firmenname: Avijo S.L., nachstehend \u201eGRUPO BOULEVARD\u201c genannt. [&hellip;]","og_url":"https:\/\/www.grupoboulevard.com\/luxury-villas\/privacy-policy\/","og_site_name":"Luxury Villas - Grupo Boulevard","article_modified_time":"2024-08-29T11:39:18+00:00","twitter_card":"summary_large_image","twitter_misc":{"Gesch\u00e4tzte Lesezeit":"5\u00a0Minuten"},"schema":{"@context":"https:\/\/schema.org","@graph":[{"@type":"WebPage","@id":"https:\/\/www.grupoboulevard.com\/luxury-villas\/privacy-policy\/","url":"https:\/\/www.grupoboulevard.com\/luxury-villas\/privacy-policy\/","name":"Datenschutzbestimmungen - Luxury Villas - Grupo Boulevard","isPartOf":{"@id":"https:\/\/www.grupoboulevard.com\/luxury-villas\/de\/#website"},"datePublished":"2018-08-09T09:08:05+00:00","dateModified":"2024-08-29T11:39:18+00:00","breadcrumb":{"@id":"https:\/\/www.grupoboulevard.com\/luxury-villas\/privacy-policy\/#breadcrumb"},"inLanguage":"de","potentialAction":[{"@type":"ReadAction","target":["https:\/\/www.grupoboulevard.com\/luxury-villas\/privacy-policy\/"]}]},{"@type":"BreadcrumbList","@id":"https:\/\/www.grupoboulevard.com\/luxury-villas\/privacy-policy\/#breadcrumb","itemListElement":[{"@type":"ListItem","position":1,"name":"Portada","item":"https:\/\/www.grupoboulevard.com\/luxury-villas\/de\/"},{"@type":"ListItem","position":2,"name":"Privacy Policy"}]},{"@type":"WebSite","@id":"https:\/\/www.grupoboulevard.com\/luxury-villas\/de\/#website","url":"https:\/\/www.grupoboulevard.com\/luxury-villas\/de\/","name":"Luxury Villas - Grupo Boulevard","description":"","potentialAction":[{"@type":"SearchAction","target":{"@type":"EntryPoint","urlTemplate":"https:\/\/www.grupoboulevard.com\/luxury-villas\/de\/?s={search_term_string}"},"query-input":{"@type":"PropertyValueSpecification","valueRequired":true,"valueName":"search_term_string"}}],"inLanguage":"de"}]}},"_links":{"self":[{"href":"https:\/\/www.grupoboulevard.com\/luxury-villas\/de\/wp-json\/wp\/v2\/pages\/359","targetHints":{"allow":["GET"]}}],"collection":[{"href":"https:\/\/www.grupoboulevard.com\/luxury-villas\/de\/wp-json\/wp\/v2\/pages"}],"about":[{"href":"https:\/\/www.grupoboulevard.com\/luxury-villas\/de\/wp-json\/wp\/v2\/types\/page"}],"author":[{"embeddable":true,"href":"https:\/\/www.grupoboulevard.com\/luxury-villas\/de\/wp-json\/wp\/v2\/users\/1"}],"replies":[{"embeddable":true,"href":"https:\/\/www.grupoboulevard.com\/luxury-villas\/de\/wp-json\/wp\/v2\/comments?post=359"}],"version-history":[{"count":1,"href":"https:\/\/www.grupoboulevard.com\/luxury-villas\/de\/wp-json\/wp\/v2\/pages\/359\/revisions"}],"predecessor-version":[{"id":1835,"href":"https:\/\/www.grupoboulevard.com\/luxury-villas\/de\/wp-json\/wp\/v2\/pages\/359\/revisions\/1835"}],"wp:attachment":[{"href":"https:\/\/www.grupoboulevard.com\/luxury-villas\/de\/wp-json\/wp\/v2\/media?parent=359"}],"curies":[{"name":"wp","href":"https:\/\/api.w.org\/{rel}","templated":true}]}}