{"id":355,"date":"2018-08-21T14:49:51","date_gmt":"2018-08-21T14:49:51","guid":{"rendered":"http:\/\/rx4-test.com\/proyectos\/boulevard\/cookies-policy\/"},"modified":"2024-08-29T11:05:25","modified_gmt":"2024-08-29T11:05:25","slug":"cookies-policy","status":"publish","type":"page","link":"https:\/\/www.grupoboulevard.com\/luxury-villas\/de\/cookies-policy\/","title":{"rendered":"Cookies policy"},"content":{"rendered":"<div class=\"av-special-heading av-special-heading-h2  blockquote modern-quote modern-centered  avia-builder-el-0  el_before_av_textblock  avia-builder-el-first \">\n<h1 class=\"av-special-heading-tag\">COOKIES POLICY<\/h1>\n<\/div>\n<section class=\"av_textblock_section\">\n<div class=\"avia_textblock \">\n<p>Ein Cookie ist eine Datei, die auf Ihren Computer heruntergeladen wird, wenn Sie auf bestimmte Websites zugreifen. Cookies erm\u00f6glichen es einer Website unter anderem, Informationen \u00fcber die Surfgewohnheiten eines Nutzers oder seines Computers zu speichern und abzurufen, und je nach den darin enthaltenen Informationen und der Art und Weise, wie Sie Ihren Computer benutzen, k\u00f6nnen sie zur Wiedererkennung des Nutzers verwendet werden. Der Browser des Nutzers speichert Cookies nur w\u00e4hrend der aktuellen Sitzung auf der Festplatte, so dass sie nur minimalen Speicherplatz beanspruchen und den Computer nicht besch\u00e4digen. Cookies enthalten keine spezifischen pers\u00f6nlichen Informationen, und die meisten von ihnen werden am Ende der Browser-Sitzung von der Festplatte gel\u00f6scht (so genannte Session-Cookies).<\/p>\n<p>Die meisten Browser akzeptieren Cookies standardm\u00e4\u00dfig und erlauben oder verhindern unabh\u00e4ngig davon in den Sicherheitseinstellungen tempor\u00e4re oder gespeicherte Cookies.<\/p>\n<h2><strong>WELCHE ARTEN VON COOKIES WERDEN AUF DIESER WEBSITE VERWENDET?<\/strong><\/h2>\n<h3><strong>Technische Cookies:<\/strong><\/h3>\n<p>Diese erm\u00f6glichen dem Nutzer das Surfen auf einer Website, einer Plattform oder einer Anwendung und die Nutzung der verschiedenen Optionen oder Dienste, die darauf vorhanden sind, wie z. B. die Kontrolle des Datenverkehrs und der Datenkommunikation, die Identifizierung der Sitzung, den Zugriff auf Teile mit eingeschr\u00e4nktem Zugang, die Erinnerung an die Elemente, aus denen eine Bestellung besteht, die Durchf\u00fchrung des Kaufvorgangs einer Bestellung, die Anmeldung zur Registrierung oder die Teilnahme an einer Veranstaltung, die Verwendung von Sicherheitselementen beim Surfen, die Speicherung von Inhalten f\u00fcr die \u00dcbertragung von Videos oder Ton oder die gemeinsame Nutzung von Inhalten \u00fcber soziale Netzwerke.<\/p>\n<h3><strong>Personalisierungs-Cookies:<\/strong><\/h3>\n<p>Diese erm\u00f6glichen es dem Nutzer, auf den Dienst mit einigen allgemeinen Merkmalen zuzugreifen, die anhand einer Reihe von Kriterien im Endger\u00e4t des Nutzers vordefiniert wurden, wie z. B. die Sprache, die Art des Browsers, \u00fcber den Sie auf den Dienst zugreifen, die regionale Konfiguration, von der aus Sie auf den Dienst zugreifen, usw.<\/p>\n<h3><strong>Analyse-Cookies:<\/strong><\/h3>\n<p>Es handelt sich um Cookies, die von uns oder von Dritten behandelt werden und die es uns erm\u00f6glichen, die Anzahl der Nutzer zu quantifizieren und somit die Messung und statistische Analyse der Nutzung des angebotenen Dienstes durch die Nutzer durchzuf\u00fchren. Zu diesem Zweck wird Ihr Surfverhalten auf unserer Website analysiert, um unser Angebot an Produkten und Dienstleistungen zu verbessern.<\/p>\n<h3><strong>Werbe-Cookies:<\/strong><\/h3>\n<p>Diese werden entweder von uns oder von Dritten verarbeitet und erm\u00f6glichen es uns, das Angebot an Werbefl\u00e4chen auf der Website so effizient wie m\u00f6glich zu verwalten, indem der Inhalt der Werbung an den Inhalt der angeforderten Dienstleistung oder an die Nutzung unserer Website durch Sie angepasst wird. Zu diesem Zweck k\u00f6nnen wir Ihre Surfgewohnheiten im Internet analysieren und Ihnen Werbung anzeigen, die Ihrem Surfprofil entspricht.<\/p>\n<h3><strong>Cookies f\u00fcr verhaltensbasierte Werbung:<\/strong><\/h3>\n<p>Diese erm\u00f6glichen eine m\u00f6glichst effiziente Verwaltung der Werbefl\u00e4chen, die der Herausgeber gegebenenfalls auf einer Website, einer Anwendung oder einer Plattform platziert hat, von der aus er den angeforderten Dienst anbietet. Diese Cookies speichern Informationen \u00fcber das Verhalten der Nutzer, die durch die kontinuierliche Beobachtung ihrer Surfgewohnheiten gewonnen werden und die es erm\u00f6glichen, ein spezifisches Profil zu erstellen, um darauf basierende Werbung anzuzeigen.<\/p>\n<h3><strong>Cookies von Dritten:<\/strong><\/h3>\n<p>Die Website kann Dienste von Drittanbietern nutzen, die Informationen f\u00fcr statistische Zwecke, f\u00fcr die Nutzung der Website durch den Nutzer und f\u00fcr die Bereitstellung anderer Dienste im Zusammenhang mit der Aktivit\u00e4t der Website und anderer Internetdienste zusammenstellen.<\/p>\n<p>Insbesondere nutzt diese Website Google Analytics, einen Webanalysedienst der Google Inc. mit Sitz in den Vereinigten Staaten, 1600 Amphitheatre Parkway, Mountain View, California 94043. Um diese Dienste bereitzustellen, werden Cookies verwendet, um Informationen zu sammeln, einschlie\u00dflich der IP-Adresse des Nutzers, die an Google \u00fcbertragen, verarbeitet und gespeichert werden, und zwar unter den auf der Website Google.com festgelegten Bedingungen. Dies gilt auch f\u00fcr die m\u00f6gliche \u00dcbertragung dieser Informationen an Dritte aus rechtlichen Gr\u00fcnden oder wenn diese Dritten die Informationen im Auftrag von Google verarbeiten.<\/p>\n<p><strong>Durch die Nutzung dieser Website erkl\u00e4rt sich der Nutzer ausdr\u00fccklich mit der Verarbeitung der auf diese Weise und zu den oben genannten Zwecken erhobenen Daten einverstanden.<\/strong>\u00a0 Sie best\u00e4tigen auch, dass Sie sich der M\u00f6glichkeit bewusst sind, die Verarbeitung solcher Daten oder Informationen zu verweigern, indem Sie die Verwendung von Cookies ablehnen, indem Sie die entsprechenden Einstellungen in Ihrem Browser zu diesem Zweck w\u00e4hlen. Diese M\u00f6glichkeit der Blockierung von Cookies in Ihrem Browser kann jedoch dazu f\u00fchren, dass Sie nicht alle Funktionen der Website in vollem Umfang nutzen k\u00f6nnen.<\/p>\n<p>Sie k\u00f6nnen die auf Ihrem Computer installierten Cookies zulassen, blockieren oder l\u00f6schen, indem Sie die auf Ihrem Computer installierten Browseroptionen konfigurieren.<\/p>\n<\/div>\n<\/section>\n","protected":false},"excerpt":{"rendered":"<p>COOKIES POLICY Ein Cookie ist eine Datei, die auf Ihren Computer heruntergeladen wird, wenn Sie auf bestimmte Websites zugreifen. Cookies erm\u00f6glichen es einer Website unter anderem, Informationen \u00fcber die Surfgewohnheiten eines Nutzers oder seines Computers zu speichern und abzurufen, und je nach den darin enthaltenen Informationen und der Art und Weise, wie Sie Ihren Computer [&hellip;]<\/p>\n","protected":false},"author":1,"featured_media":0,"parent":0,"menu_order":0,"comment_status":"closed","ping_status":"closed","template":"","meta":{"_joinchat":[],"footnotes":""},"class_list":["post-355","page","type-page","status-publish","hentry"],"yoast_head":"<!-- This site is optimized with the Yoast SEO plugin v26.9 - https:\/\/yoast.com\/product\/yoast-seo-wordpress\/ -->\n<title>Cookies policy - Luxury Villas - Grupo Boulevard<\/title>\n<meta name=\"robots\" content=\"index, follow, max-snippet:-1, max-image-preview:large, max-video-preview:-1\" \/>\n<link rel=\"canonical\" href=\"https:\/\/www.grupoboulevard.com\/luxury-villas\/cookies-policy\/\" \/>\n<meta property=\"og:locale\" content=\"de_DE\" \/>\n<meta property=\"og:type\" content=\"article\" \/>\n<meta property=\"og:title\" content=\"Cookies policy - Luxury Villas - Grupo Boulevard\" \/>\n<meta property=\"og:description\" content=\"COOKIES POLICY Ein Cookie ist eine Datei, die auf Ihren Computer heruntergeladen wird, wenn Sie auf bestimmte Websites zugreifen. Cookies erm\u00f6glichen es einer Website unter anderem, Informationen \u00fcber die Surfgewohnheiten eines Nutzers oder seines Computers zu speichern und abzurufen, und je nach den darin enthaltenen Informationen und der Art und Weise, wie Sie Ihren Computer [&hellip;]\" \/>\n<meta property=\"og:url\" content=\"https:\/\/www.grupoboulevard.com\/luxury-villas\/cookies-policy\/\" \/>\n<meta property=\"og:site_name\" content=\"Luxury Villas - Grupo Boulevard\" \/>\n<meta property=\"article:modified_time\" content=\"2024-08-29T11:05:25+00:00\" \/>\n<meta name=\"twitter:card\" content=\"summary_large_image\" \/>\n<meta name=\"twitter:label1\" content=\"Gesch\u00e4tzte Lesezeit\" \/>\n\t<meta name=\"twitter:data1\" content=\"4\u00a0Minuten\" \/>\n<script type=\"application\/ld+json\" class=\"yoast-schema-graph\">{\"@context\":\"https:\/\/schema.org\",\"@graph\":[{\"@type\":\"WebPage\",\"@id\":\"https:\/\/www.grupoboulevard.com\/luxury-villas\/cookies-policy\/\",\"url\":\"https:\/\/www.grupoboulevard.com\/luxury-villas\/cookies-policy\/\",\"name\":\"Cookies policy - Luxury Villas - Grupo Boulevard\",\"isPartOf\":{\"@id\":\"https:\/\/www.grupoboulevard.com\/luxury-villas\/de\/#website\"},\"datePublished\":\"2018-08-21T14:49:51+00:00\",\"dateModified\":\"2024-08-29T11:05:25+00:00\",\"breadcrumb\":{\"@id\":\"https:\/\/www.grupoboulevard.com\/luxury-villas\/cookies-policy\/#breadcrumb\"},\"inLanguage\":\"de\",\"potentialAction\":[{\"@type\":\"ReadAction\",\"target\":[\"https:\/\/www.grupoboulevard.com\/luxury-villas\/cookies-policy\/\"]}]},{\"@type\":\"BreadcrumbList\",\"@id\":\"https:\/\/www.grupoboulevard.com\/luxury-villas\/cookies-policy\/#breadcrumb\",\"itemListElement\":[{\"@type\":\"ListItem\",\"position\":1,\"name\":\"Portada\",\"item\":\"https:\/\/www.grupoboulevard.com\/luxury-villas\/de\/\"},{\"@type\":\"ListItem\",\"position\":2,\"name\":\"Cookies policy\"}]},{\"@type\":\"WebSite\",\"@id\":\"https:\/\/www.grupoboulevard.com\/luxury-villas\/de\/#website\",\"url\":\"https:\/\/www.grupoboulevard.com\/luxury-villas\/de\/\",\"name\":\"Luxury Villas - Grupo Boulevard\",\"description\":\"\",\"potentialAction\":[{\"@type\":\"SearchAction\",\"target\":{\"@type\":\"EntryPoint\",\"urlTemplate\":\"https:\/\/www.grupoboulevard.com\/luxury-villas\/de\/?s={search_term_string}\"},\"query-input\":{\"@type\":\"PropertyValueSpecification\",\"valueRequired\":true,\"valueName\":\"search_term_string\"}}],\"inLanguage\":\"de\"}]}<\/script>\n<!-- \/ Yoast SEO plugin. -->","yoast_head_json":{"title":"Cookies policy - Luxury Villas - Grupo Boulevard","robots":{"index":"index","follow":"follow","max-snippet":"max-snippet:-1","max-image-preview":"max-image-preview:large","max-video-preview":"max-video-preview:-1"},"canonical":"https:\/\/www.grupoboulevard.com\/luxury-villas\/cookies-policy\/","og_locale":"de_DE","og_type":"article","og_title":"Cookies policy - Luxury Villas - Grupo Boulevard","og_description":"COOKIES POLICY Ein Cookie ist eine Datei, die auf Ihren Computer heruntergeladen wird, wenn Sie auf bestimmte Websites zugreifen. Cookies erm\u00f6glichen es einer Website unter anderem, Informationen \u00fcber die Surfgewohnheiten eines Nutzers oder seines Computers zu speichern und abzurufen, und je nach den darin enthaltenen Informationen und der Art und Weise, wie Sie Ihren Computer [&hellip;]","og_url":"https:\/\/www.grupoboulevard.com\/luxury-villas\/cookies-policy\/","og_site_name":"Luxury Villas - Grupo Boulevard","article_modified_time":"2024-08-29T11:05:25+00:00","twitter_card":"summary_large_image","twitter_misc":{"Gesch\u00e4tzte Lesezeit":"4\u00a0Minuten"},"schema":{"@context":"https:\/\/schema.org","@graph":[{"@type":"WebPage","@id":"https:\/\/www.grupoboulevard.com\/luxury-villas\/cookies-policy\/","url":"https:\/\/www.grupoboulevard.com\/luxury-villas\/cookies-policy\/","name":"Cookies policy - Luxury Villas - Grupo Boulevard","isPartOf":{"@id":"https:\/\/www.grupoboulevard.com\/luxury-villas\/de\/#website"},"datePublished":"2018-08-21T14:49:51+00:00","dateModified":"2024-08-29T11:05:25+00:00","breadcrumb":{"@id":"https:\/\/www.grupoboulevard.com\/luxury-villas\/cookies-policy\/#breadcrumb"},"inLanguage":"de","potentialAction":[{"@type":"ReadAction","target":["https:\/\/www.grupoboulevard.com\/luxury-villas\/cookies-policy\/"]}]},{"@type":"BreadcrumbList","@id":"https:\/\/www.grupoboulevard.com\/luxury-villas\/cookies-policy\/#breadcrumb","itemListElement":[{"@type":"ListItem","position":1,"name":"Portada","item":"https:\/\/www.grupoboulevard.com\/luxury-villas\/de\/"},{"@type":"ListItem","position":2,"name":"Cookies policy"}]},{"@type":"WebSite","@id":"https:\/\/www.grupoboulevard.com\/luxury-villas\/de\/#website","url":"https:\/\/www.grupoboulevard.com\/luxury-villas\/de\/","name":"Luxury Villas - Grupo Boulevard","description":"","potentialAction":[{"@type":"SearchAction","target":{"@type":"EntryPoint","urlTemplate":"https:\/\/www.grupoboulevard.com\/luxury-villas\/de\/?s={search_term_string}"},"query-input":{"@type":"PropertyValueSpecification","valueRequired":true,"valueName":"search_term_string"}}],"inLanguage":"de"}]}},"_links":{"self":[{"href":"https:\/\/www.grupoboulevard.com\/luxury-villas\/de\/wp-json\/wp\/v2\/pages\/355","targetHints":{"allow":["GET"]}}],"collection":[{"href":"https:\/\/www.grupoboulevard.com\/luxury-villas\/de\/wp-json\/wp\/v2\/pages"}],"about":[{"href":"https:\/\/www.grupoboulevard.com\/luxury-villas\/de\/wp-json\/wp\/v2\/types\/page"}],"author":[{"embeddable":true,"href":"https:\/\/www.grupoboulevard.com\/luxury-villas\/de\/wp-json\/wp\/v2\/users\/1"}],"replies":[{"embeddable":true,"href":"https:\/\/www.grupoboulevard.com\/luxury-villas\/de\/wp-json\/wp\/v2\/comments?post=355"}],"version-history":[{"count":1,"href":"https:\/\/www.grupoboulevard.com\/luxury-villas\/de\/wp-json\/wp\/v2\/pages\/355\/revisions"}],"predecessor-version":[{"id":1818,"href":"https:\/\/www.grupoboulevard.com\/luxury-villas\/de\/wp-json\/wp\/v2\/pages\/355\/revisions\/1818"}],"wp:attachment":[{"href":"https:\/\/www.grupoboulevard.com\/luxury-villas\/de\/wp-json\/wp\/v2\/media?parent=355"}],"curies":[{"name":"wp","href":"https:\/\/api.w.org\/{rel}","templated":true}]}}